{"id":340,"date":"2025-12-20T16:43:29","date_gmt":"2025-12-20T13:43:29","guid":{"rendered":"https:\/\/tahsinbal.com.tr\/?page_id=340"},"modified":"2025-12-20T16:55:48","modified_gmt":"2025-12-20T13:55:48","slug":"buro-haberleri","status":"publish","type":"page","link":"https:\/\/tahsinbal.com.tr\/en\/buro-haberleri\/","title":{"rendered":"B\u00fcro Haberleri"},"content":{"rendered":"<div class=\"wp-block-group alignfull is-style-ext-preset--group--natural-1--section has-background-background-color has-background has-global-padding is-layout-constrained wp-container-core-group-is-layout-e955bbaf wp-block-group-is-layout-constrained\" style=\"margin-top:0;margin-bottom:0;padding-top:var(--wp--preset--spacing--70);padding-bottom:var(--wp--preset--spacing--70)\">\n<div class=\"wp-block-group alignwide is-vertical is-layout-flex wp-container-core-group-is-layout-c35747d5 wp-block-group-is-layout-flex\">\n<div class=\"wp-block-group has-global-padding is-layout-constrained wp-container-core-group-is-layout-5e05634a wp-block-group-is-layout-constrained\">\n<h2 class=\"wp-block-heading\">Office News and Recent Developments<\/h2>\n\n\n\n<p class=\"has-text-align-left\">This page contains information regarding important announcements and news about the Tahsin Bal Law Firm.<\/p>\n<\/div>\n<\/div>\n<\/div>\n\n\n\n<div class=\"wp-block-query is-layout-flow wp-block-query-is-layout-flow\"><\/div>","protected":false},"excerpt":{"rendered":"<p>B\u00fcro Haberleri ve G\u00fcncel Geli\u015fmeler Tahsin Bal Hukuk B\u00fcrosuna dair \u00f6nemli duyurulara ve haberlere ili\u015fkin bilgiler i\u00e7erir.<\/p>","protected":false},"author":1,"featured_media":0,"parent":0,"menu_order":0,"comment_status":"closed","ping_status":"closed","template":"page-with-title","meta":{"om_disable_all_campaigns":false,"_monsterinsights_skip_tracking":false,"_monsterinsights_sitenote_active":false,"_monsterinsights_sitenote_note":"","_monsterinsights_sitenote_category":0,"footnotes":""},"class_list":["post-340","page","type-page","status-publish","hentry"],"aioseo_notices":[],"_links":{"self":[{"href":"https:\/\/tahsinbal.com.tr\/en\/wp-json\/wp\/v2\/pages\/340","targetHints":{"allow":["GET"]}}],"collection":[{"href":"https:\/\/tahsinbal.com.tr\/en\/wp-json\/wp\/v2\/pages"}],"about":[{"href":"https:\/\/tahsinbal.com.tr\/en\/wp-json\/wp\/v2\/types\/page"}],"author":[{"embeddable":true,"href":"https:\/\/tahsinbal.com.tr\/en\/wp-json\/wp\/v2\/users\/1"}],"replies":[{"embeddable":true,"href":"https:\/\/tahsinbal.com.tr\/en\/wp-json\/wp\/v2\/comments?post=340"}],"version-history":[{"count":2,"href":"https:\/\/tahsinbal.com.tr\/en\/wp-json\/wp\/v2\/pages\/340\/revisions"}],"predecessor-version":[{"id":350,"href":"https:\/\/tahsinbal.com.tr\/en\/wp-json\/wp\/v2\/pages\/340\/revisions\/350"}],"wp:attachment":[{"href":"https:\/\/tahsinbal.com.tr\/en\/wp-json\/wp\/v2\/media?parent=340"}],"curies":[{"name":"wp","href":"https:\/\/api.w.org\/{rel}","templated":true}]}}