{"id":289,"date":"2025-12-19T23:39:47","date_gmt":"2025-12-19T23:39:47","guid":{"rendered":"https:\/\/tahsinbal.com.tr\/?page_id=289"},"modified":"2025-12-20T16:50:18","modified_gmt":"2025-12-20T13:50:18","slug":"yasal-duzenlemeler","status":"publish","type":"page","link":"https:\/\/tahsinbal.com.tr\/en\/yasal-duzenlemeler\/","title":{"rendered":"Legal Regulations"},"content":{"rendered":"<div class=\"wp-block-group alignfull is-style-ext-preset--group--natural-1--section has-background-background-color has-background has-global-padding is-layout-constrained wp-container-core-group-is-layout-e955bbaf wp-block-group-is-layout-constrained\" style=\"margin-top:0;margin-bottom:0;padding-top:var(--wp--preset--spacing--70);padding-bottom:var(--wp--preset--spacing--70)\">\n<div class=\"wp-block-group alignwide is-vertical is-content-justification-center is-layout-flex wp-container-core-group-is-layout-c9ee0c5a wp-block-group-is-layout-flex\">\n<div class=\"wp-block-group has-global-padding is-layout-constrained wp-container-core-group-is-layout-5e05634a wp-block-group-is-layout-constrained\">\n<h2 class=\"wp-block-heading has-text-align-center\">Empower Yourself with Legal Knowledge<\/h2>\n\n\n\n<p class=\"has-text-align-center\">Expand your legal knowledge with the up-to-date and comprehensive legal articles written by Attorney Tahsin Bal.<\/p>\n<\/div>\n<\/div>\n<\/div>\n\n\n\n<div class=\"wp-block-query is-layout-flow wp-block-query-is-layout-flow\"><\/div>","protected":false},"excerpt":{"rendered":"<p>Hukuki Bilgilerle Kendinizi G\u00fc\u00e7lendirin Avukat Tahsin Bal taraf\u0131ndan haz\u0131rlanan g\u00fcncel ve kapsaml\u0131 hukuk yaz\u0131lar\u0131yla hukuki bilginizi art\u0131r\u0131n.<\/p>","protected":false},"author":1,"featured_media":0,"parent":0,"menu_order":0,"comment_status":"closed","ping_status":"closed","template":"page-with-title","meta":{"om_disable_all_campaigns":false,"_monsterinsights_skip_tracking":false,"_monsterinsights_sitenote_active":false,"_monsterinsights_sitenote_note":"","_monsterinsights_sitenote_category":0,"footnotes":""},"class_list":["post-289","page","type-page","status-publish","hentry"],"aioseo_notices":[],"_links":{"self":[{"href":"https:\/\/tahsinbal.com.tr\/en\/wp-json\/wp\/v2\/pages\/289","targetHints":{"allow":["GET"]}}],"collection":[{"href":"https:\/\/tahsinbal.com.tr\/en\/wp-json\/wp\/v2\/pages"}],"about":[{"href":"https:\/\/tahsinbal.com.tr\/en\/wp-json\/wp\/v2\/types\/page"}],"author":[{"embeddable":true,"href":"https:\/\/tahsinbal.com.tr\/en\/wp-json\/wp\/v2\/users\/1"}],"replies":[{"embeddable":true,"href":"https:\/\/tahsinbal.com.tr\/en\/wp-json\/wp\/v2\/comments?post=289"}],"version-history":[{"count":2,"href":"https:\/\/tahsinbal.com.tr\/en\/wp-json\/wp\/v2\/pages\/289\/revisions"}],"predecessor-version":[{"id":345,"href":"https:\/\/tahsinbal.com.tr\/en\/wp-json\/wp\/v2\/pages\/289\/revisions\/345"}],"wp:attachment":[{"href":"https:\/\/tahsinbal.com.tr\/en\/wp-json\/wp\/v2\/media?parent=289"}],"curies":[{"name":"wp","href":"https:\/\/api.w.org\/{rel}","templated":true}]}}