{"id":282,"date":"2025-12-19T23:24:34","date_gmt":"2025-12-19T23:24:34","guid":{"rendered":"https:\/\/tahsinbal.com.tr\/?page_id=282"},"modified":"2025-12-19T23:25:01","modified_gmt":"2025-12-19T23:25:01","slug":"is-basvurusu","status":"publish","type":"page","link":"https:\/\/tahsinbal.com.tr\/en\/is-basvurusu\/","title":{"rendered":"\u0130\u015f Ba\u015fvurusu"},"content":{"rendered":"<div class=\"wpforms-container wpforms-block wpforms-block-7356f5b6-2824-4fe1-9367-2d453af329e0 wpforms-render-modern\" id=\"wpforms-279\"><form id=\"wpforms-form-279\" class=\"wpforms-validate wpforms-form wpforms-ajax-form\" data-formid=\"279\" method=\"post\" enctype=\"multipart\/form-data\" action=\"\/en\/wp-json\/wp\/v2\/pages\/282?wpforms_form_id=279\" data-token=\"4be3037a4a0f7cf779762806f0c7bb69\" data-token-time=\"1776695503\"><noscript class=\"wpforms-error-noscript\">Please enable JavaScript in your browser to complete this form.<\/noscript><div id=\"wpforms-error-noscript\" style=\"display: none;\">Please enable JavaScript in your browser to complete this form.<\/div><div class=\"wpforms-field-container\"><div id=\"wpforms-279-field_1-container\" class=\"wpforms-field wpforms-field-name\" data-field-id=\"1\"><fieldset><legend class=\"wpforms-field-label\">Ad Soyad <span class=\"wpforms-required-label\" aria-hidden=\"true\">*<\/span><\/legend><div class=\"wpforms-field-row wpforms-field-medium\"><div class=\"wpforms-field-row-block wpforms-first wpforms-one-half\"><input type=\"text\" id=\"wpforms-279-field_1\" class=\"wpforms-field-name-first wpforms-field-required\" name=\"wpforms[fields][1][first]\" aria-errormessage=\"wpforms-279-field_1-error\" required><label for=\"wpforms-279-field_1\" class=\"wpforms-field-sublabel after\">First<\/label><\/div><div class=\"wpforms-field-row-block wpforms-one-half\"><input type=\"text\" id=\"wpforms-279-field_1-last\" class=\"wpforms-field-name-last wpforms-field-required\" name=\"wpforms[fields][1][last]\" aria-errormessage=\"wpforms-279-field_1-last-error\" required><label for=\"wpforms-279-field_1-last\" class=\"wpforms-field-sublabel after\">Last<\/label><\/div><\/div><\/fieldset><\/div><div id=\"wpforms-279-field_2-container\" class=\"wpforms-field wpforms-field-email\" data-field-id=\"2\"><label class=\"wpforms-field-label\" for=\"wpforms-279-field_2\">E-posta <span class=\"wpforms-required-label\" aria-hidden=\"true\">*<\/span><\/label><input type=\"email\" id=\"wpforms-279-field_2\" class=\"wpforms-field-medium wpforms-field-required\" name=\"wpforms[fields][2]\" spellcheck=\"false\" aria-errormessage=\"wpforms-279-field_2-error\" required><\/div><div id=\"wpforms-279-field_4-container\" class=\"wpforms-field wpforms-field-text\" data-field-id=\"4\"><label class=\"wpforms-field-label\" for=\"wpforms-279-field_4\">Ba\u015fvurulan Pozisyon (Hukuk b\u00fcrosu i\u00e7in i\u015f ba\u015fvuru formu) <span class=\"wpforms-required-label\" aria-hidden=\"true\">*<\/span><\/label><input type=\"text\" id=\"wpforms-279-field_4\" class=\"wpforms-field-medium wpforms-field-required\" name=\"wpforms[fields][4]\" aria-errormessage=\"wpforms-279-field_4-error\" required><\/div>\t\t<div id=\"wpforms-279-field_12-container\"\n\t\t\tclass=\"wpforms-field wpforms-field-text\"\n\t\t\tdata-field-type=\"text\"\n\t\t\tdata-field-id=\"12\"\n\t\t\t>\n\t\t\t<label class=\"wpforms-field-label\" for=\"wpforms-279-field_12\" >Telefon i\u015f staj,<\/label>\n\t\t\t<input type=\"text\" id=\"wpforms-279-field_12\" class=\"wpforms-field-medium\" name=\"wpforms[fields][12]\" >\n\t\t<\/div>\n\t\t<div id=\"wpforms-279-field_5-container\" class=\"wpforms-field wpforms-field-textarea\" data-field-id=\"5\"><label class=\"wpforms-field-label\" for=\"wpforms-279-field_5\">E\u011fitim Bilgileri (hukuk fak\u00fcltesi, lisans\u00fcst\u00fc, sertifikalar) <span class=\"wpforms-required-label\" aria-hidden=\"true\">*<\/span><\/label><textarea id=\"wpforms-279-field_5\" class=\"wpforms-field-medium wpforms-field-required\" name=\"wpforms[fields][5]\" aria-errormessage=\"wpforms-279-field_5-error\" required><\/textarea><\/div><div id=\"wpforms-279-field_6-container\" class=\"wpforms-field wpforms-field-textarea\" data-field-id=\"6\"><label class=\"wpforms-field-label\" for=\"wpforms-279-field_6\">\u0130\u015f Deneyimi (hukuk b\u00fcrosu, staj, avukatl\u0131k deneyimi) <span class=\"wpforms-required-label\" aria-hidden=\"true\">*<\/span><\/label><textarea id=\"wpforms-279-field_6\" class=\"wpforms-field-medium wpforms-field-required\" name=\"wpforms[fields][6]\" aria-errormessage=\"wpforms-279-field_6-error\" required><\/textarea><\/div><div id=\"wpforms-279-field_7-container\" class=\"wpforms-field wpforms-field-textarea\" data-field-id=\"7\"><label class=\"wpforms-field-label\" for=\"wpforms-279-field_7\">Uzmanl\u0131k Alanlar\u0131 (\u00f6r. ceza hukuku, ticaret hukuku, i\u015f hukuku)<\/label><textarea id=\"wpforms-279-field_7\" class=\"wpforms-field-medium\" name=\"wpforms[fields][7]\" aria-errormessage=\"wpforms-279-field_7-error\" ><\/textarea><\/div><div id=\"wpforms-279-field_9-container\" class=\"wpforms-field wpforms-field-textarea\" data-field-id=\"9\"><label class=\"wpforms-field-label\" for=\"wpforms-279-field_9\">Motivasyon Mektubu \/ Neden hukuk b\u00fcromuza ba\u015fvuruyorsunuz?<\/label><textarea id=\"wpforms-279-field_9\" class=\"wpforms-field-medium\" name=\"wpforms[fields][9]\" aria-errormessage=\"wpforms-279-field_9-error\" ><\/textarea><\/div><div id=\"wpforms-279-field_10-container\" class=\"wpforms-field wpforms-field-radio\" data-field-id=\"10\"><fieldset><legend class=\"wpforms-field-label\">\u00c7al\u0131\u015fma Durumu (tam zamanl\u0131 \/ yar\u0131 zamanl\u0131 \/ staj) <span class=\"wpforms-required-label\" aria-hidden=\"true\">*<\/span><\/legend><ul id=\"wpforms-279-field_10\" class=\"wpforms-field-required\"><li class=\"choice-1 depth-1\"><input type=\"radio\" id=\"wpforms-279-field_10_1\" name=\"wpforms[fields][10]\" value=\"Tam zamanl\u0131\" aria-errormessage=\"wpforms-279-field_10_1-error\" required ><label class=\"wpforms-field-label-inline\" for=\"wpforms-279-field_10_1\">Tam zamanl\u0131<\/label><\/li><li class=\"choice-2 depth-1\"><input type=\"radio\" id=\"wpforms-279-field_10_2\" name=\"wpforms[fields][10]\" value=\"Yar\u0131 zamanl\u0131\" aria-errormessage=\"wpforms-279-field_10_2-error\" required ><label class=\"wpforms-field-label-inline\" for=\"wpforms-279-field_10_2\">Yar\u0131 zamanl\u0131<\/label><\/li><li class=\"choice-3 depth-1\"><input type=\"radio\" id=\"wpforms-279-field_10_3\" name=\"wpforms[fields][10]\" value=\"Staj\" aria-errormessage=\"wpforms-279-field_10_3-error\" required ><label class=\"wpforms-field-label-inline\" for=\"wpforms-279-field_10_3\">Staj<\/label><\/li><li class=\"choice-4 depth-1\"><input type=\"radio\" id=\"wpforms-279-field_10_4\" name=\"wpforms[fields][10]\" value=\"Serbest \/ proje bazl\u0131\" aria-errormessage=\"wpforms-279-field_10_4-error\" required ><label class=\"wpforms-field-label-inline\" for=\"wpforms-279-field_10_4\">Serbest \/ proje bazl\u0131<\/label><\/li><\/ul><\/fieldset><\/div><div id=\"wpforms-279-field_11-container\" class=\"wpforms-field wpforms-field-textarea\" data-field-id=\"11\"><label class=\"wpforms-field-label\" for=\"wpforms-279-field_11\">Referanslar (iste\u011fe ba\u011fl\u0131)<\/label><textarea id=\"wpforms-279-field_11\" class=\"wpforms-field-medium\" name=\"wpforms[fields][11]\" aria-errormessage=\"wpforms-279-field_11-error\" ><\/textarea><\/div><script>\n\t\t\t\t( function() {\n\t\t\t\t\tconst style = document.createElement( 'style' );\n\t\t\t\t\tstyle.appendChild( document.createTextNode( '#wpforms-279-field_12-container { position: absolute !important; overflow: hidden !important; display: inline !important; height: 1px !important; width: 1px !important; z-index: -1000 !important; padding: 0 !important; } #wpforms-279-field_12-container input { visibility: hidden; } #wpforms-conversational-form-page #wpforms-279-field_12-container label { counter-increment: none; }' ) );\n\t\t\t\t\tdocument.head.appendChild( style );\n\t\t\t\t\tdocument.currentScript?.remove();\n\t\t\t\t} )();\n\t\t\t<\/script><\/div><!-- .wpforms-field-container --><div class=\"wpforms-submit-container\" ><input type=\"hidden\" name=\"wpforms[id]\" value=\"279\"><input type=\"hidden\" name=\"page_title\" value=\"\"><input type=\"hidden\" name=\"page_url\" value=\"https:\/\/tahsinbal.com.tr\/en\/wp-json\/wp\/v2\/pages\/282\"><input type=\"hidden\" name=\"url_referer\" value=\"\"><button type=\"submit\" name=\"wpforms[submit]\" id=\"wpforms-submit-279\" class=\"wpforms-submit\" data-alt-text=\"G\u00f6nderiliyor...\" data-submit-text=\"Ba\u015fvuruyu G\u00f6nder\" aria-live=\"assertive\" value=\"wpforms-submit\">Ba\u015fvuruyu G\u00f6nder<\/button><img loading=\"lazy\" decoding=\"async\" src=\"https:\/\/tahsinbal.com.tr\/wp-content\/plugins\/wpforms-lite\/assets\/images\/submit-spin.svg\" class=\"wpforms-submit-spinner\" style=\"display: none;\" width=\"26\" height=\"26\" alt=\"Loading\"><\/div><\/form><\/div>  <!-- .wpforms-container -->","protected":false},"excerpt":{"rendered":"","protected":false},"author":1,"featured_media":0,"parent":0,"menu_order":0,"comment_status":"closed","ping_status":"closed","template":"page-with-title","meta":{"om_disable_all_campaigns":false,"_monsterinsights_skip_tracking":false,"_monsterinsights_sitenote_active":false,"_monsterinsights_sitenote_note":"","_monsterinsights_sitenote_category":0,"footnotes":""},"class_list":["post-282","page","type-page","status-publish","hentry"],"aioseo_notices":[],"_links":{"self":[{"href":"https:\/\/tahsinbal.com.tr\/en\/wp-json\/wp\/v2\/pages\/282","targetHints":{"allow":["GET"]}}],"collection":[{"href":"https:\/\/tahsinbal.com.tr\/en\/wp-json\/wp\/v2\/pages"}],"about":[{"href":"https:\/\/tahsinbal.com.tr\/en\/wp-json\/wp\/v2\/types\/page"}],"author":[{"embeddable":true,"href":"https:\/\/tahsinbal.com.tr\/en\/wp-json\/wp\/v2\/users\/1"}],"replies":[{"embeddable":true,"href":"https:\/\/tahsinbal.com.tr\/en\/wp-json\/wp\/v2\/comments?post=282"}],"version-history":[{"count":2,"href":"https:\/\/tahsinbal.com.tr\/en\/wp-json\/wp\/v2\/pages\/282\/revisions"}],"predecessor-version":[{"id":284,"href":"https:\/\/tahsinbal.com.tr\/en\/wp-json\/wp\/v2\/pages\/282\/revisions\/284"}],"wp:attachment":[{"href":"https:\/\/tahsinbal.com.tr\/en\/wp-json\/wp\/v2\/media?parent=282"}],"curies":[{"name":"wp","href":"https:\/\/api.w.org\/{rel}","templated":true}]}}