{"id":199,"date":"2025-12-18T21:06:09","date_gmt":"2025-12-18T21:06:09","guid":{"rendered":"https:\/\/tahsinbal.com.tr\/?page_id=199"},"modified":"2025-12-20T19:16:59","modified_gmt":"2025-12-20T16:16:59","slug":"hakkimizda","status":"publish","type":"page","link":"https:\/\/tahsinbal.com.tr\/en\/hakkimizda\/","title":{"rendered":"About Us"},"content":{"rendered":"<div class=\"wp-block-group alignfull is-style-ext-preset--group--natural-1--section has-background-background-color has-background has-global-padding is-layout-constrained wp-block-group-is-layout-constrained\" style=\"margin-top:0;margin-bottom:0;padding-top:var(--wp--preset--spacing--70);padding-bottom:var(--wp--preset--spacing--70)\">\n<div class=\"wp-block-columns alignwide are-vertically-aligned-center is-layout-flex wp-container-core-columns-is-layout-174606dc wp-block-columns-is-layout-flex\">\n<div class=\"wp-block-column is-vertically-aligned-center is-layout-flow wp-block-column-is-layout-flow\">\n<figure class=\"wp-block-image is-style-ext-preset--image--natural-1--image-1--content-right extendify-image-import is-style-ext-preset--image--natural-1--image-1--content-right--2\"><img loading=\"lazy\" decoding=\"async\" width=\"1024\" height=\"1024\" src=\"https:\/\/tahsinbal.com.tr\/wp-content\/uploads\/2025\/12\/image-1.jpg\" alt=\"\" class=\"wp-image-240\" style=\"aspect-ratio:1;object-fit:cover\" srcset=\"https:\/\/tahsinbal.com.tr\/wp-content\/uploads\/2025\/12\/image-1.jpg 1024w, https:\/\/tahsinbal.com.tr\/wp-content\/uploads\/2025\/12\/image-1-300x300.jpg 300w, https:\/\/tahsinbal.com.tr\/wp-content\/uploads\/2025\/12\/image-1-150x150.jpg 150w, https:\/\/tahsinbal.com.tr\/wp-content\/uploads\/2025\/12\/image-1-768x768.jpg 768w\" sizes=\"auto, (max-width: 1024px) 100vw, 1024px\" \/><\/figure>\n<\/div>\n\n\n\n<div class=\"wp-block-column is-vertically-aligned-center is-layout-flow wp-block-column-is-layout-flow\">\n<div class=\"wp-block-group alignwide is-vertical is-layout-flex wp-container-core-group-is-layout-c35747d5 wp-block-group-is-layout-flex\">\n<div class=\"wp-block-group has-global-padding is-layout-constrained wp-container-core-group-is-layout-dd32767c wp-block-group-is-layout-constrained\">\n<p class=\"has-text-align-left\">Tahsin Bal Law Firm was founded in June 2025 by Attorney Tahsin Bal in Kayseri and began providing legal consulting and legal representation services to its clients.<\/p>\n\n\n\n<p class=\"has-text-align-left\">Since its inception, the firm has provided legal services in the areas of Commercial Law, Family Law, Labor Law, Trademark and Patent Law, Healthcare Law, Tort Law, Insurance Law, Inheritance Law, Real Estate Law, and Bankruptcy and Insolvency Law, Artificial Intelligence Law, Cybersecurity Law, Information Technology Law, Data Protection Law, and Aviation and Space Law, among others, the firm provides a wide range of legal advisory and representation services to meet its clients\u2019 legal needs across all these areas.<\/p>\n\n\n\n<p>Attorney Tahsin Bal was born in Kayseri in 1996. He began his legal education at Marmara University in 2015 and completed it at Erciyes University. <\/p>\n\n\n\n<p>After graduating, he worked as an associate attorney at a law firm specializing in banking and finance law. During this time, he practiced in the areas of banking law, commercial law, labor law, and family law. Additionally, he has been developing his knowledge and experience in areas such as intellectual property and trademark law, data protection law, IT law, artificial intelligence law, social media law, and healthcare law since the early years of his career.<\/p>\n\n\n\n<p>Attorney Tahsin Bal continues to provide legal consulting and legal representation services through the law firm he founded, Tahsin Bal Law Firm.<\/p>\n<\/div>\n<\/div>\n<\/div>\n<\/div>\n<\/div>","protected":false},"excerpt":{"rendered":"<p>Tahsin Bal Hukuk B\u00fcrosu 2025 y\u0131l\u0131n\u0131n haziran ay\u0131nda Avukat Tahsin Bal taraf\u0131ndan Kayseri merkezli olarak kurulmu\u015ftur ve m\u00fcvekkillerine hukuki dan\u0131\u015fmanl\u0131k ve avukatl\u0131k hizmetleri vermeye ba\u015flam\u0131\u015ft\u0131r. Kuruldu\u011fu ilk g\u00fcnden itibaren Ticaret Hukuku, Aile Hukuku, \u0130\u015f Hukuku, Marka ve Patent Hukuku, Sa\u011fl\u0131k Hukuku, Tazminat Hukuku, Sigorta Hukuku, Miras Hukuku, Gayrimenkul Hukuku, \u0130cra ve \u0130flas Hukuku, Yapay Zeka [&hellip;]<\/p>\n","protected":false},"author":1,"featured_media":0,"parent":0,"menu_order":0,"comment_status":"closed","ping_status":"closed","template":"page-with-title","meta":{"om_disable_all_campaigns":false,"_monsterinsights_skip_tracking":false,"_monsterinsights_sitenote_active":false,"_monsterinsights_sitenote_note":"","_monsterinsights_sitenote_category":0,"footnotes":""},"class_list":["post-199","page","type-page","status-publish","hentry"],"aioseo_notices":[],"_links":{"self":[{"href":"https:\/\/tahsinbal.com.tr\/en\/wp-json\/wp\/v2\/pages\/199","targetHints":{"allow":["GET"]}}],"collection":[{"href":"https:\/\/tahsinbal.com.tr\/en\/wp-json\/wp\/v2\/pages"}],"about":[{"href":"https:\/\/tahsinbal.com.tr\/en\/wp-json\/wp\/v2\/types\/page"}],"author":[{"embeddable":true,"href":"https:\/\/tahsinbal.com.tr\/en\/wp-json\/wp\/v2\/users\/1"}],"replies":[{"embeddable":true,"href":"https:\/\/tahsinbal.com.tr\/en\/wp-json\/wp\/v2\/comments?post=199"}],"version-history":[{"count":5,"href":"https:\/\/tahsinbal.com.tr\/en\/wp-json\/wp\/v2\/pages\/199\/revisions"}],"predecessor-version":[{"id":375,"href":"https:\/\/tahsinbal.com.tr\/en\/wp-json\/wp\/v2\/pages\/199\/revisions\/375"}],"wp:attachment":[{"href":"https:\/\/tahsinbal.com.tr\/en\/wp-json\/wp\/v2\/media?parent=199"}],"curies":[{"name":"wp","href":"https:\/\/api.w.org\/{rel}","templated":true}]}}